{"id":1307,"date":"2025-02-24T10:13:45","date_gmt":"2025-02-24T10:13:45","guid":{"rendered":"https:\/\/pippalacare.com\/?post_type=product&#038;p=1307"},"modified":"2026-03-23T12:59:40","modified_gmt":"2026-03-23T12:59:40","slug":"illume-flame-vitality-elixir","status":"publish","type":"product","link":"https:\/\/pippalacare.com\/es\/producto\/illume-flame-vitality-elixir\/","title":{"rendered":"ILLUME FLAME Vitality Essence 40ml"},"content":{"rendered":"<h2>Beneficios<\/h2>\n<p>Siente la diferencia mientras reduce suavemente la apariencia de las arrugas, restaurando una textura m\u00e1s suave y firme, y una luminosidad m\u00e1s saludable y radiante. Tu piel se sentir\u00e1 equilibrada, flexible y profundamente nutrida, con la fuerza para recuperarse y renovarse.<\/p>\n<p><strong>Resultados comprobados en solo 28 d\u00edas: <\/strong><\/p>\n<p class=\"translation-block\">\u2728<strong>El 87,88%<\/strong> de los panelistas cl\u00ednicos notaron una mejora significativa en la elasticidad de la piel.<\/p>\n<p class=\"translation-block\">\u2728<strong>El 90,9%<\/strong> not\u00f3 una tez visiblemente m\u00e1s levantada y firme.<\/p>\n<p class=\"translation-block\">\u2728<strong>El 96,97%<\/strong> experiment\u00f3 una reducci\u00f3n en la aparici\u00f3n de l\u00edneas y arrugas.<\/p>\n<p class=\"translation-block\">\u2728 El 90,9% qued\u00f3 encantado con los efectos reafirmantes y suavizantes de arrugas.<\/p>\n<p class=\"translation-block\">\u2728 El <strong>96,97%<\/strong> report\u00f3 una piel brillante y radiante.<\/p>\n<p class=\"translation-block\"><strong>\u2728 El 96,97%<\/strong> experiment\u00f3 una piel visiblemente m\u00e1s suave.<\/p>\n<p><strong>\u2728 100%<\/strong> felt their skin was deeply moisturized and nourished.<\/p>\n<hr \/>\n<h2>Ingredientes Clave<\/h2>\n<ul>\n<li>Panax Ginseng Root Extract<\/li>\n<li>Rehmannia Glutinosa Root Extract<\/li>\n<li>Prunus Mume Fruit Extract<\/li>\n<li>Agrimonia Pilosa Extract<\/li>\n<li>Schisandra Chinensis Fruit Extract<\/li>\n<li>Carthamus Tinctorius (Safflower) Flower Extract<\/li>\n<li>Morus Alba Fruit Extract<\/li>\n<li>Astragalus Membranaceus Root Extract<\/li>\n<li>Polygonatum Kingianum Extract<\/li>\n<li>Panax Notoginseng Root Extract<\/li>\n<li>Rhodiola Crenulata Root Extract<\/li>\n<li>Salvia Miltiorrhiza Root Extract, Caffeine, 6% Ceramide NP, Pro-xylane<\/li>\n<\/ul>","protected":false},"excerpt":{"rendered":"<p><span style=\"font-weight: 400;\">Despierta la luminosidad natural de tu piel con esta esencia ligera de r\u00e1pida absorci\u00f3n, enriquecida con 12 potentes activos bot\u00e1nicos. Dise\u00f1ada para revitalizar, reequilibrar e hidratar, es un ritual diario inspirado en la sabidur\u00eda ancestral de las hierbas, ahora potenciado con la ciencia m\u00e1s avanzada del cuidado de la piel. Esta f\u00f3rmula avanzada estimula el metabolismo de tu piel, la protege de los radicales libres da\u00f1inos y reconstruye su base desde el interior.<\/span><\/p>\n<p>ILLUME FLAME Vitality Elixir no solo repara; ayuda a que tu piel prospere, estimulando la regeneraci\u00f3n y revitalizaci\u00f3n natural, para que puedas adoptar una tez que refleje la vitalidad y la belleza desde adentro.<\/p>","protected":false},"featured_media":2193,"comment_status":"closed","ping_status":"closed","template":"","meta":{"site-sidebar-layout":"default","site-content-layout":"","ast-site-content-layout":"default","site-content-style":"default","site-sidebar-style":"default","ast-global-header-display":"","ast-banner-title-visibility":"","ast-main-header-display":"","ast-hfb-above-header-display":"","ast-hfb-below-header-display":"","ast-hfb-mobile-header-display":"","site-post-title":"","ast-breadcrumbs-content":"","ast-featured-img":"","footer-sml-layout":"","ast-disable-related-posts":"","theme-transparent-header-meta":"default","adv-header-id-meta":"","stick-header-meta":"","header-above-stick-meta":"","header-main-stick-meta":"","header-below-stick-meta":"","astra-migrate-meta-layouts":"set","ast-page-background-enabled":"default","ast-page-background-meta":{"desktop":{"background-color":"var(--ast-global-color-4)","background-image":"","background-repeat":"repeat","background-position":"center center","background-size":"auto","background-attachment":"scroll","background-type":"","background-media":"","overlay-type":"","overlay-color":"","overlay-opacity":"","overlay-gradient":""},"tablet":{"background-color":"","background-image":"","background-repeat":"repeat","background-position":"center center","background-size":"auto","background-attachment":"scroll","background-type":"","background-media":"","overlay-type":"","overlay-color":"","overlay-opacity":"","overlay-gradient":""},"mobile":{"background-color":"","background-image":"","background-repeat":"repeat","background-position":"center center","background-size":"auto","background-attachment":"scroll","background-type":"","background-media":"","overlay-type":"","overlay-color":"","overlay-opacity":"","overlay-gradient":""}},"ast-content-background-meta":{"desktop":{"background-color":"var(--ast-global-color-5)","background-image":"","background-repeat":"repeat","background-position":"center center","background-size":"auto","background-attachment":"scroll","background-type":"","background-media":"","overlay-type":"","overlay-color":"","overlay-opacity":"","overlay-gradient":""},"tablet":{"background-color":"var(--ast-global-color-5)","background-image":"","background-repeat":"repeat","background-position":"center center","background-size":"auto","background-attachment":"scroll","background-type":"","background-media":"","overlay-type":"","overlay-color":"","overlay-opacity":"","overlay-gradient":""},"mobile":{"background-color":"var(--ast-global-color-5)","background-image":"","background-repeat":"repeat","background-position":"center center","background-size":"auto","background-attachment":"scroll","background-type":"","background-media":"","overlay-type":"","overlay-color":"","overlay-opacity":"","overlay-gradient":""}}},"product_brand":[],"product_cat":[30,44],"product_tag":[37],"class_list":{"0":"post-1307","1":"product","2":"type-product","3":"status-publish","4":"has-post-thumbnail","6":"product_cat-serum","7":"product_cat-vitality-selection","8":"product_tag-revitalizing-and-firming-facial-elixir","9":"desktop-align-center","10":"tablet-align-left","11":"mobile-align-left","13":"first","14":"instock","15":"featured","16":"shipping-taxable","17":"purchasable","18":"product-type-simple"},"yoast_head":"<!-- This site is optimized with the Yoast SEO plugin v27.4 - https:\/\/yoast.com\/product\/yoast-seo-wordpress\/ -->\n<title>ILLUME FLAME Vitality Essence 40ml - PippalaCare<\/title>\n<meta name=\"robots\" content=\"index, follow, max-snippet:-1, max-image-preview:large, max-video-preview:-1\" \/>\n<link rel=\"canonical\" href=\"https:\/\/pippalacare.com\/es\/producto\/illume-flame-vitality-elixir\/\" \/>\n<meta property=\"og:locale\" content=\"es_ES\" \/>\n<meta property=\"og:type\" content=\"article\" \/>\n<meta property=\"og:title\" content=\"ILLUME FLAME Vitality Essence 40ml - PippalaCare\" \/>\n<meta property=\"og:description\" content=\"Awaken your skin\u2019s natural radiance with this weightless, fast-absorbing essence infused with 12 potent botanical actives. Designed to revitalize, rebalance and hydrate, it\u2019s a daily ritual inspired by time-honored herbal wisdom\u2014now supercharged with cutting-edge skincare science. This advanced formula boosts your skin\u2019s metabolism, protects it from harmful free radicals, and rebuilds its foundation from within.  ILLUME FLAME Vitality Essence doesn\u2019t just repair; it helps your skin thrive, encouraging natural regeneration and revitalization, so you can embrace a complexion that reflects the vitality and beauty from within.\" \/>\n<meta property=\"og:url\" content=\"https:\/\/pippalacare.com\/es\/producto\/illume-flame-vitality-elixir\/\" \/>\n<meta property=\"og:site_name\" content=\"PippalaCare\" \/>\n<meta property=\"article:modified_time\" content=\"2026-03-23T12:59:40+00:00\" \/>\n<meta property=\"og:image\" content=\"https:\/\/pippalacare.com\/wp-content\/uploads\/2025\/02\/1-Vitality-elixir-2-scaled.webp\" \/>\n\t<meta property=\"og:image:width\" content=\"2560\" \/>\n\t<meta property=\"og:image:height\" content=\"2560\" \/>\n\t<meta property=\"og:image:type\" content=\"image\/webp\" \/>\n<meta name=\"twitter:card\" content=\"summary_large_image\" \/>\n<meta name=\"twitter:label1\" content=\"Tiempo de lectura\" \/>\n\t<meta name=\"twitter:data1\" content=\"1 minuto\" \/>\n<script type=\"application\/ld+json\" class=\"yoast-schema-graph\">{\"@context\":\"https:\\\/\\\/schema.org\",\"@graph\":[{\"@type\":\"WebPage\",\"@id\":\"https:\\\/\\\/pippalacare.com\\\/product\\\/illume-flame-vitality-elixir\\\/\",\"url\":\"https:\\\/\\\/pippalacare.com\\\/product\\\/illume-flame-vitality-elixir\\\/\",\"name\":\"ILLUME FLAME Vitality Essence 40ml - PippalaCare\",\"isPartOf\":{\"@id\":\"https:\\\/\\\/pippalacare.com\\\/#website\"},\"primaryImageOfPage\":{\"@id\":\"https:\\\/\\\/pippalacare.com\\\/product\\\/illume-flame-vitality-elixir\\\/#primaryimage\"},\"image\":{\"@id\":\"https:\\\/\\\/pippalacare.com\\\/product\\\/illume-flame-vitality-elixir\\\/#primaryimage\"},\"thumbnailUrl\":\"https:\\\/\\\/pippalacare.com\\\/wp-content\\\/uploads\\\/2025\\\/02\\\/1-Vitality-elixir-2-scaled.webp\",\"datePublished\":\"2025-02-24T10:13:45+00:00\",\"dateModified\":\"2026-03-23T12:59:40+00:00\",\"breadcrumb\":{\"@id\":\"https:\\\/\\\/pippalacare.com\\\/product\\\/illume-flame-vitality-elixir\\\/#breadcrumb\"},\"inLanguage\":\"es\",\"potentialAction\":[{\"@type\":\"ReadAction\",\"target\":[\"https:\\\/\\\/pippalacare.com\\\/product\\\/illume-flame-vitality-elixir\\\/\"]}]},{\"@type\":\"ImageObject\",\"inLanguage\":\"es\",\"@id\":\"https:\\\/\\\/pippalacare.com\\\/product\\\/illume-flame-vitality-elixir\\\/#primaryimage\",\"url\":\"https:\\\/\\\/pippalacare.com\\\/wp-content\\\/uploads\\\/2025\\\/02\\\/1-Vitality-elixir-2-scaled.webp\",\"contentUrl\":\"https:\\\/\\\/pippalacare.com\\\/wp-content\\\/uploads\\\/2025\\\/02\\\/1-Vitality-elixir-2-scaled.webp\",\"width\":2560,\"height\":2560},{\"@type\":\"BreadcrumbList\",\"@id\":\"https:\\\/\\\/pippalacare.com\\\/product\\\/illume-flame-vitality-elixir\\\/#breadcrumb\",\"itemListElement\":[{\"@type\":\"ListItem\",\"position\":1,\"name\":\"Inicio\",\"item\":\"https:\\\/\\\/seashell-guanaco-621663.hostingersite.com\\\/es\\\/\"},{\"@type\":\"ListItem\",\"position\":2,\"name\":\"Treasures\",\"item\":\"https:\\\/\\\/seashell-guanaco-621663.hostingersite.com\\\/es\\\/shop\\\/\"},{\"@type\":\"ListItem\",\"position\":3,\"name\":\"ILLUME FLAME Vitality Essence 40ml\"}]},{\"@type\":\"WebSite\",\"@id\":\"https:\\\/\\\/pippalacare.com\\\/#website\",\"url\":\"https:\\\/\\\/pippalacare.com\\\/\",\"name\":\"PippalaCare\",\"description\":\"Reinvented Self-Care Ritual, Enlightened Ancestral Wisdom\",\"publisher\":{\"@id\":\"https:\\\/\\\/pippalacare.com\\\/#organization\"},\"potentialAction\":[{\"@type\":\"SearchAction\",\"target\":{\"@type\":\"EntryPoint\",\"urlTemplate\":\"https:\\\/\\\/pippalacare.com\\\/?s={search_term_string}\"},\"query-input\":{\"@type\":\"PropertyValueSpecification\",\"valueRequired\":true,\"valueName\":\"search_term_string\"}}],\"inLanguage\":\"es\"},{\"@type\":\"Organization\",\"@id\":\"https:\\\/\\\/pippalacare.com\\\/#organization\",\"name\":\"PippalaCare\",\"url\":\"https:\\\/\\\/pippalacare.com\\\/\",\"logo\":{\"@type\":\"ImageObject\",\"inLanguage\":\"es\",\"@id\":\"https:\\\/\\\/pippalacare.com\\\/#\\\/schema\\\/logo\\\/image\\\/\",\"url\":\"http:\\\/\\\/pippalacare.com\\\/wp-content\\\/uploads\\\/2025\\\/02\\\/Pippala-Logo-producto-belleza.png\",\"contentUrl\":\"http:\\\/\\\/pippalacare.com\\\/wp-content\\\/uploads\\\/2025\\\/02\\\/Pippala-Logo-producto-belleza.png\",\"width\":1600,\"height\":1600,\"caption\":\"PippalaCare\"},\"image\":{\"@id\":\"https:\\\/\\\/pippalacare.com\\\/#\\\/schema\\\/logo\\\/image\\\/\"}}]}<\/script>\n<!-- \/ Yoast SEO plugin. -->","yoast_head_json":{"title":"ILLUME FLAME Vitality Essence 40ml - PippalaCare","robots":{"index":"index","follow":"follow","max-snippet":"max-snippet:-1","max-image-preview":"max-image-preview:large","max-video-preview":"max-video-preview:-1"},"canonical":"https:\/\/pippalacare.com\/es\/producto\/illume-flame-vitality-elixir\/","og_locale":"es_ES","og_type":"article","og_title":"ILLUME FLAME Vitality Essence 40ml - PippalaCare","og_description":"Awaken your skin\u2019s natural radiance with this weightless, fast-absorbing essence infused with 12 potent botanical actives. Designed to revitalize, rebalance and hydrate, it\u2019s a daily ritual inspired by time-honored herbal wisdom\u2014now supercharged with cutting-edge skincare science. This advanced formula boosts your skin\u2019s metabolism, protects it from harmful free radicals, and rebuilds its foundation from within.  ILLUME FLAME Vitality Essence doesn\u2019t just repair; it helps your skin thrive, encouraging natural regeneration and revitalization, so you can embrace a complexion that reflects the vitality and beauty from within.","og_url":"https:\/\/pippalacare.com\/es\/producto\/illume-flame-vitality-elixir\/","og_site_name":"PippalaCare","article_modified_time":"2026-03-23T12:59:40+00:00","og_image":[{"width":2560,"height":2560,"url":"https:\/\/pippalacare.com\/wp-content\/uploads\/2025\/02\/1-Vitality-elixir-2-scaled.webp","type":"image\/webp"}],"twitter_card":"summary_large_image","twitter_misc":{"Tiempo de lectura":"1 minuto"},"schema":{"@context":"https:\/\/schema.org","@graph":[{"@type":"WebPage","@id":"https:\/\/pippalacare.com\/product\/illume-flame-vitality-elixir\/","url":"https:\/\/pippalacare.com\/product\/illume-flame-vitality-elixir\/","name":"ILLUME FLAME Vitality Essence 40ml - PippalaCare","isPartOf":{"@id":"https:\/\/pippalacare.com\/#website"},"primaryImageOfPage":{"@id":"https:\/\/pippalacare.com\/product\/illume-flame-vitality-elixir\/#primaryimage"},"image":{"@id":"https:\/\/pippalacare.com\/product\/illume-flame-vitality-elixir\/#primaryimage"},"thumbnailUrl":"https:\/\/pippalacare.com\/wp-content\/uploads\/2025\/02\/1-Vitality-elixir-2-scaled.webp","datePublished":"2025-02-24T10:13:45+00:00","dateModified":"2026-03-23T12:59:40+00:00","breadcrumb":{"@id":"https:\/\/pippalacare.com\/product\/illume-flame-vitality-elixir\/#breadcrumb"},"inLanguage":"es","potentialAction":[{"@type":"ReadAction","target":["https:\/\/pippalacare.com\/product\/illume-flame-vitality-elixir\/"]}]},{"@type":"ImageObject","inLanguage":"es","@id":"https:\/\/pippalacare.com\/product\/illume-flame-vitality-elixir\/#primaryimage","url":"https:\/\/pippalacare.com\/wp-content\/uploads\/2025\/02\/1-Vitality-elixir-2-scaled.webp","contentUrl":"https:\/\/pippalacare.com\/wp-content\/uploads\/2025\/02\/1-Vitality-elixir-2-scaled.webp","width":2560,"height":2560},{"@type":"BreadcrumbList","@id":"https:\/\/pippalacare.com\/product\/illume-flame-vitality-elixir\/#breadcrumb","itemListElement":[{"@type":"ListItem","position":1,"name":"Inicio","item":"https:\/\/seashell-guanaco-621663.hostingersite.com\/es\/"},{"@type":"ListItem","position":2,"name":"Treasures","item":"https:\/\/seashell-guanaco-621663.hostingersite.com\/es\/shop\/"},{"@type":"ListItem","position":3,"name":"ILLUME FLAME Vitality Essence 40ml"}]},{"@type":"WebSite","@id":"https:\/\/pippalacare.com\/#website","url":"https:\/\/pippalacare.com\/","name":"PippalaCare","description":"Reinvented Self-Care Ritual, Enlightened Ancestral Wisdom","publisher":{"@id":"https:\/\/pippalacare.com\/#organization"},"potentialAction":[{"@type":"SearchAction","target":{"@type":"EntryPoint","urlTemplate":"https:\/\/pippalacare.com\/?s={search_term_string}"},"query-input":{"@type":"PropertyValueSpecification","valueRequired":true,"valueName":"search_term_string"}}],"inLanguage":"es"},{"@type":"Organization","@id":"https:\/\/pippalacare.com\/#organization","name":"PippalaCare","url":"https:\/\/pippalacare.com\/","logo":{"@type":"ImageObject","inLanguage":"es","@id":"https:\/\/pippalacare.com\/#\/schema\/logo\/image\/","url":"http:\/\/pippalacare.com\/wp-content\/uploads\/2025\/02\/Pippala-Logo-producto-belleza.png","contentUrl":"http:\/\/pippalacare.com\/wp-content\/uploads\/2025\/02\/Pippala-Logo-producto-belleza.png","width":1600,"height":1600,"caption":"PippalaCare"},"image":{"@id":"https:\/\/pippalacare.com\/#\/schema\/logo\/image\/"}}]}},"_links":{"self":[{"href":"https:\/\/pippalacare.com\/es\/wp-json\/wp\/v2\/product\/1307","targetHints":{"allow":["GET"]}}],"collection":[{"href":"https:\/\/pippalacare.com\/es\/wp-json\/wp\/v2\/product"}],"about":[{"href":"https:\/\/pippalacare.com\/es\/wp-json\/wp\/v2\/types\/product"}],"replies":[{"embeddable":true,"href":"https:\/\/pippalacare.com\/es\/wp-json\/wp\/v2\/comments?post=1307"}],"version-history":[{"count":3,"href":"https:\/\/pippalacare.com\/es\/wp-json\/wp\/v2\/product\/1307\/revisions"}],"predecessor-version":[{"id":3444,"href":"https:\/\/pippalacare.com\/es\/wp-json\/wp\/v2\/product\/1307\/revisions\/3444"}],"wp:featuredmedia":[{"embeddable":true,"href":"https:\/\/pippalacare.com\/es\/wp-json\/wp\/v2\/media\/2193"}],"wp:attachment":[{"href":"https:\/\/pippalacare.com\/es\/wp-json\/wp\/v2\/media?parent=1307"}],"wp:term":[{"taxonomy":"product_brand","embeddable":true,"href":"https:\/\/pippalacare.com\/es\/wp-json\/wp\/v2\/product_brand?post=1307"},{"taxonomy":"product_cat","embeddable":true,"href":"https:\/\/pippalacare.com\/es\/wp-json\/wp\/v2\/product_cat?post=1307"},{"taxonomy":"product_tag","embeddable":true,"href":"https:\/\/pippalacare.com\/es\/wp-json\/wp\/v2\/product_tag?post=1307"}],"curies":[{"name":"wp","href":"https:\/\/api.w.org\/{rel}","templated":true}]}}