{"id":1304,"date":"2025-02-24T09:44:53","date_gmt":"2025-02-24T09:44:53","guid":{"rendered":"https:\/\/pippalacare.com\/?post_type=product&#038;p=1304"},"modified":"2025-09-10T07:21:42","modified_gmt":"2025-09-10T07:21:42","slug":"earthy-embrace-defense-cream","status":"publish","type":"product","link":"https:\/\/pippalacare.com\/es\/producto\/earthy-embrace-defense-cream\/","title":{"rendered":"Earthy Embrace Defense Cream 50ml"},"content":{"rendered":"<p>&nbsp;<\/p>\n<hr \/>\n<h3>Beneficios<\/h3>\n<p style=\"font-size: 16px; font-style: normal; font-weight: 400;\"><img fetchpriority=\"high\" decoding=\"async\" class=\"wp-image-1387 alignright\" src=\"http:\/\/pippalacare.com\/wp-content\/uploads\/2025\/02\/Producto-1-web-copia-product-scaled-e1740404559666-300x282.webp\" alt=\"\" width=\"583\" height=\"548\" \/><\/p>\n<p>Nutre tu piel con una f\u00f3rmula dise\u00f1ada para aportar armon\u00eda y resiliencia. Nuestra mezcla avanzada equilibra la microbiota cut\u00e1nea, refuerza el sistema inmunitario natural e hidrata profundamente, reduciendo el enrojecimiento y las molestias.<\/p>\n<p>It soothes sunburn, strengthens the skin barrier, and enhances tolerance to external irritants\u2014allowing your skin to thrive in any environment.<\/p>\n<p><strong>\ud83c\udf3f Resultados comprobados:<\/strong><\/p>\n<p>\u2714 91.43% noticed an improvement in dry, flaky skin<br \/>\n\u2714 97.13% experienced relief from itching and redness<br \/>\n\u2714 100% saw a visible reduction in inflammation<br \/>\n\u2714 94.29% felt a deep, calming effect<br \/>\n\u2714 100% loved the lasting hydration<\/p>\n<p>&nbsp;<\/p>\n<p><span style=\"font-size: 16px;\">Disfrute de comodidad, protecci\u00f3n y nutrici\u00f3n duradera, porque su piel merece lo mejor.<\/span><\/p>\n<p>&nbsp;<\/p>\n<hr \/>\n<h3>Key Ingredients:<\/h3>\n<ul>\n<li>Saussurea Involucrata Extract<\/li>\n<li>Agrimonia Pilosa Extract<\/li>\n<li>Paeonia Suffruticosa Root Bark Extract<\/li>\n<li>Paeonia Veitchii Root Extract<\/li>\n<li>Prunus Mume Fruit Extract<\/li>\n<li>Saposchnikovia Divaricata Root Extract<\/li>\n<li>Carthamus Tinctorius (Safflower) Flower Extract<\/li>\n<li>Alisma Orientale Tuber Extract<\/li>\n<li>Lithospermum Erythrorhizon Root Extract<\/li>\n<li>Dictamnus Dasycarpus Root Bark Extract<\/li>\n<li>Hydrolyzed Prunella Vulgaris Extract<\/li>\n<li>Glycyrrhiza Uralensis (Licorice) Root Extract, 5-Ceramide Complex, Dipotassium Glycyrrhizate + Arginine, Squalane + Jojoba Seed Oil<\/li>\n<\/ul>","protected":false},"excerpt":{"rendered":"<p>Descubre la esencia calmante de la naturaleza con nuestra crema ultrasuave, dise\u00f1ada espec\u00edficamente para pieles sensibles. Con una potente infusi\u00f3n del 30 % de compuesto herbal de Loto de Nieve, esta mezcla bot\u00e1nica calma la irritaci\u00f3n, reduce el enrojecimiento y proporciona una nutrici\u00f3n profunda con cada uso.<\/p>\n<p>Enriched with the 5-Ceramide Complex, it deeply restores the skin barrier, locking in essential hydration for long-lasting comfort and resilience. Feel the harmony of hydration and protection, as your skin becomes softer, stronger, and beautifully balanced.<\/p>\n<p>Calma. Hidrata. Restaura. Tu piel no se merece menos.<\/p>","protected":false},"featured_media":2166,"comment_status":"open","ping_status":"closed","template":"","meta":{"site-sidebar-layout":"default","site-content-layout":"","ast-site-content-layout":"default","site-content-style":"default","site-sidebar-style":"default","ast-global-header-display":"","ast-banner-title-visibility":"","ast-main-header-display":"","ast-hfb-above-header-display":"","ast-hfb-below-header-display":"","ast-hfb-mobile-header-display":"","site-post-title":"","ast-breadcrumbs-content":"","ast-featured-img":"","footer-sml-layout":"","ast-disable-related-posts":"","theme-transparent-header-meta":"default","adv-header-id-meta":"","stick-header-meta":"","header-above-stick-meta":"","header-main-stick-meta":"","header-below-stick-meta":"","astra-migrate-meta-layouts":"set","ast-page-background-enabled":"default","ast-page-background-meta":{"desktop":{"background-color":"var(--ast-global-color-4)","background-image":"","background-repeat":"repeat","background-position":"center center","background-size":"auto","background-attachment":"scroll","background-type":"","background-media":"","overlay-type":"","overlay-color":"","overlay-opacity":"","overlay-gradient":""},"tablet":{"background-color":"","background-image":"","background-repeat":"repeat","background-position":"center center","background-size":"auto","background-attachment":"scroll","background-type":"","background-media":"","overlay-type":"","overlay-color":"","overlay-opacity":"","overlay-gradient":""},"mobile":{"background-color":"","background-image":"","background-repeat":"repeat","background-position":"center center","background-size":"auto","background-attachment":"scroll","background-type":"","background-media":"","overlay-type":"","overlay-color":"","overlay-opacity":"","overlay-gradient":""}},"ast-content-background-meta":{"desktop":{"background-color":"var(--ast-global-color-5)","background-image":"","background-repeat":"repeat","background-position":"center center","background-size":"auto","background-attachment":"scroll","background-type":"","background-media":"","overlay-type":"","overlay-color":"","overlay-opacity":"","overlay-gradient":""},"tablet":{"background-color":"var(--ast-global-color-5)","background-image":"","background-repeat":"repeat","background-position":"center center","background-size":"auto","background-attachment":"scroll","background-type":"","background-media":"","overlay-type":"","overlay-color":"","overlay-opacity":"","overlay-gradient":""},"mobile":{"background-color":"var(--ast-global-color-5)","background-image":"","background-repeat":"repeat","background-position":"center center","background-size":"auto","background-attachment":"scroll","background-type":"","background-media":"","overlay-type":"","overlay-color":"","overlay-opacity":"","overlay-gradient":""}}},"product_brand":[],"product_cat":[35],"product_tag":[36],"class_list":{"0":"post-1304","1":"product","2":"type-product","3":"status-publish","4":"has-post-thumbnail","6":"product_cat-facial-cream","7":"product_tag-soothing-and-restoring-facial-cream-for-sensitive-skin","8":"desktop-align-center","9":"tablet-align-left","10":"mobile-align-left","12":"first","13":"instock","14":"featured","15":"shipping-taxable","16":"purchasable","17":"product-type-simple"},"yoast_head":"<!-- This site is optimized with the Yoast SEO plugin v27.4 - https:\/\/yoast.com\/product\/yoast-seo-wordpress\/ -->\n<title>Earthy Embrace Defense Cream 50ml - PippalaCare<\/title>\n<meta name=\"robots\" content=\"index, follow, max-snippet:-1, max-image-preview:large, max-video-preview:-1\" \/>\n<link rel=\"canonical\" href=\"https:\/\/pippalacare.com\/es\/producto\/earthy-embrace-defense-cream\/\" \/>\n<meta property=\"og:locale\" content=\"es_ES\" \/>\n<meta property=\"og:type\" content=\"article\" \/>\n<meta property=\"og:title\" content=\"Earthy Embrace Defense Cream 50ml - PippalaCare\" \/>\n<meta property=\"og:description\" content=\"Discover the calming essence of nature with our ultra-gentle cream, designed specifically for sensitive skin. With a powerful 30% infusion of Snow Lotus herbal compound, this botanical blend soothes irritation, reduces redness, and provides deep nourishment with every use.  Enriched with the 5-Ceramide Complex, it deeply restores the skin barrier, locking in essential hydration for long-lasting comfort and resilience. Feel the harmony of hydration and protection, as your skin becomes softer, stronger, and beautifully balanced.  Calm. Hydrate. Restore. Your skin deserves nothing less.\" \/>\n<meta property=\"og:url\" content=\"https:\/\/pippalacare.com\/es\/producto\/earthy-embrace-defense-cream\/\" \/>\n<meta property=\"og:site_name\" content=\"PippalaCare\" \/>\n<meta property=\"article:modified_time\" content=\"2025-09-10T07:21:42+00:00\" \/>\n<meta property=\"og:image\" content=\"https:\/\/pippalacare.com\/wp-content\/uploads\/2025\/02\/1-Defense-cream-png-e1742482065124.png\" \/>\n\t<meta property=\"og:image:width\" content=\"640\" \/>\n\t<meta property=\"og:image:height\" content=\"640\" \/>\n\t<meta property=\"og:image:type\" content=\"image\/png\" \/>\n<meta name=\"twitter:card\" content=\"summary_large_image\" \/>\n<meta name=\"twitter:label1\" content=\"Tiempo de lectura\" \/>\n\t<meta name=\"twitter:data1\" content=\"2 minutos\" \/>\n<script type=\"application\/ld+json\" class=\"yoast-schema-graph\">{\"@context\":\"https:\\\/\\\/schema.org\",\"@graph\":[{\"@type\":\"WebPage\",\"@id\":\"https:\\\/\\\/pippalacare.com\\\/es\\\/producto\\\/earthy-embrace-defense-cream\\\/\",\"url\":\"https:\\\/\\\/pippalacare.com\\\/es\\\/producto\\\/earthy-embrace-defense-cream\\\/\",\"name\":\"Earthy Embrace Defense Cream 50ml - PippalaCare\",\"isPartOf\":{\"@id\":\"https:\\\/\\\/pippalacare.com\\\/#website\"},\"primaryImageOfPage\":{\"@id\":\"https:\\\/\\\/pippalacare.com\\\/es\\\/producto\\\/earthy-embrace-defense-cream\\\/#primaryimage\"},\"image\":{\"@id\":\"https:\\\/\\\/pippalacare.com\\\/es\\\/producto\\\/earthy-embrace-defense-cream\\\/#primaryimage\"},\"thumbnailUrl\":\"https:\\\/\\\/pippalacare.com\\\/wp-content\\\/uploads\\\/2025\\\/02\\\/1-Defense-cream-png-e1742482065124.png\",\"datePublished\":\"2025-02-24T09:44:53+00:00\",\"dateModified\":\"2025-09-10T07:21:42+00:00\",\"breadcrumb\":{\"@id\":\"https:\\\/\\\/pippalacare.com\\\/es\\\/producto\\\/earthy-embrace-defense-cream\\\/#breadcrumb\"},\"inLanguage\":\"es\",\"potentialAction\":[{\"@type\":\"ReadAction\",\"target\":[\"https:\\\/\\\/pippalacare.com\\\/es\\\/producto\\\/earthy-embrace-defense-cream\\\/\"]}]},{\"@type\":\"ImageObject\",\"inLanguage\":\"es\",\"@id\":\"https:\\\/\\\/pippalacare.com\\\/es\\\/producto\\\/earthy-embrace-defense-cream\\\/#primaryimage\",\"url\":\"https:\\\/\\\/pippalacare.com\\\/wp-content\\\/uploads\\\/2025\\\/02\\\/1-Defense-cream-png-e1742482065124.png\",\"contentUrl\":\"https:\\\/\\\/pippalacare.com\\\/wp-content\\\/uploads\\\/2025\\\/02\\\/1-Defense-cream-png-e1742482065124.png\",\"width\":640,\"height\":640},{\"@type\":\"BreadcrumbList\",\"@id\":\"https:\\\/\\\/pippalacare.com\\\/es\\\/producto\\\/earthy-embrace-defense-cream\\\/#breadcrumb\",\"itemListElement\":[{\"@type\":\"ListItem\",\"position\":1,\"name\":\"Inicio\",\"item\":\"https:\\\/\\\/seashell-guanaco-621663.hostingersite.com\\\/es\\\/\"},{\"@type\":\"ListItem\",\"position\":2,\"name\":\"Treasures\",\"item\":\"https:\\\/\\\/seashell-guanaco-621663.hostingersite.com\\\/es\\\/shop\\\/\"},{\"@type\":\"ListItem\",\"position\":3,\"name\":\"Earthy Embrace Defense Cream 50ml\"}]},{\"@type\":\"WebSite\",\"@id\":\"https:\\\/\\\/pippalacare.com\\\/#website\",\"url\":\"https:\\\/\\\/pippalacare.com\\\/\",\"name\":\"PippalaCare\",\"description\":\"Reinvented Self-Care Ritual, Enlightened Ancestral Wisdom\",\"publisher\":{\"@id\":\"https:\\\/\\\/pippalacare.com\\\/#organization\"},\"potentialAction\":[{\"@type\":\"SearchAction\",\"target\":{\"@type\":\"EntryPoint\",\"urlTemplate\":\"https:\\\/\\\/pippalacare.com\\\/?s={search_term_string}\"},\"query-input\":{\"@type\":\"PropertyValueSpecification\",\"valueRequired\":true,\"valueName\":\"search_term_string\"}}],\"inLanguage\":\"es\"},{\"@type\":\"Organization\",\"@id\":\"https:\\\/\\\/pippalacare.com\\\/#organization\",\"name\":\"PippalaCare\",\"url\":\"https:\\\/\\\/pippalacare.com\\\/\",\"logo\":{\"@type\":\"ImageObject\",\"inLanguage\":\"es\",\"@id\":\"https:\\\/\\\/pippalacare.com\\\/#\\\/schema\\\/logo\\\/image\\\/\",\"url\":\"http:\\\/\\\/pippalacare.com\\\/wp-content\\\/uploads\\\/2025\\\/02\\\/Pippala-Logo-producto-belleza.png\",\"contentUrl\":\"http:\\\/\\\/pippalacare.com\\\/wp-content\\\/uploads\\\/2025\\\/02\\\/Pippala-Logo-producto-belleza.png\",\"width\":1600,\"height\":1600,\"caption\":\"PippalaCare\"},\"image\":{\"@id\":\"https:\\\/\\\/pippalacare.com\\\/#\\\/schema\\\/logo\\\/image\\\/\"}}]}<\/script>\n<!-- \/ Yoast SEO plugin. -->","yoast_head_json":{"title":"Earthy Embrace Defense Cream 50ml - PippalaCare","robots":{"index":"index","follow":"follow","max-snippet":"max-snippet:-1","max-image-preview":"max-image-preview:large","max-video-preview":"max-video-preview:-1"},"canonical":"https:\/\/pippalacare.com\/es\/producto\/earthy-embrace-defense-cream\/","og_locale":"es_ES","og_type":"article","og_title":"Earthy Embrace Defense Cream 50ml - PippalaCare","og_description":"Discover the calming essence of nature with our ultra-gentle cream, designed specifically for sensitive skin. With a powerful 30% infusion of Snow Lotus herbal compound, this botanical blend soothes irritation, reduces redness, and provides deep nourishment with every use.  Enriched with the 5-Ceramide Complex, it deeply restores the skin barrier, locking in essential hydration for long-lasting comfort and resilience. Feel the harmony of hydration and protection, as your skin becomes softer, stronger, and beautifully balanced.  Calm. Hydrate. Restore. Your skin deserves nothing less.","og_url":"https:\/\/pippalacare.com\/es\/producto\/earthy-embrace-defense-cream\/","og_site_name":"PippalaCare","article_modified_time":"2025-09-10T07:21:42+00:00","og_image":[{"width":640,"height":640,"url":"https:\/\/pippalacare.com\/wp-content\/uploads\/2025\/02\/1-Defense-cream-png-e1742482065124.png","type":"image\/png"}],"twitter_card":"summary_large_image","twitter_misc":{"Tiempo de lectura":"2 minutos"},"schema":{"@context":"https:\/\/schema.org","@graph":[{"@type":"WebPage","@id":"https:\/\/pippalacare.com\/es\/producto\/earthy-embrace-defense-cream\/","url":"https:\/\/pippalacare.com\/es\/producto\/earthy-embrace-defense-cream\/","name":"Earthy Embrace Defense Cream 50ml - PippalaCare","isPartOf":{"@id":"https:\/\/pippalacare.com\/#website"},"primaryImageOfPage":{"@id":"https:\/\/pippalacare.com\/es\/producto\/earthy-embrace-defense-cream\/#primaryimage"},"image":{"@id":"https:\/\/pippalacare.com\/es\/producto\/earthy-embrace-defense-cream\/#primaryimage"},"thumbnailUrl":"https:\/\/pippalacare.com\/wp-content\/uploads\/2025\/02\/1-Defense-cream-png-e1742482065124.png","datePublished":"2025-02-24T09:44:53+00:00","dateModified":"2025-09-10T07:21:42+00:00","breadcrumb":{"@id":"https:\/\/pippalacare.com\/es\/producto\/earthy-embrace-defense-cream\/#breadcrumb"},"inLanguage":"es","potentialAction":[{"@type":"ReadAction","target":["https:\/\/pippalacare.com\/es\/producto\/earthy-embrace-defense-cream\/"]}]},{"@type":"ImageObject","inLanguage":"es","@id":"https:\/\/pippalacare.com\/es\/producto\/earthy-embrace-defense-cream\/#primaryimage","url":"https:\/\/pippalacare.com\/wp-content\/uploads\/2025\/02\/1-Defense-cream-png-e1742482065124.png","contentUrl":"https:\/\/pippalacare.com\/wp-content\/uploads\/2025\/02\/1-Defense-cream-png-e1742482065124.png","width":640,"height":640},{"@type":"BreadcrumbList","@id":"https:\/\/pippalacare.com\/es\/producto\/earthy-embrace-defense-cream\/#breadcrumb","itemListElement":[{"@type":"ListItem","position":1,"name":"Inicio","item":"https:\/\/seashell-guanaco-621663.hostingersite.com\/es\/"},{"@type":"ListItem","position":2,"name":"Treasures","item":"https:\/\/seashell-guanaco-621663.hostingersite.com\/es\/shop\/"},{"@type":"ListItem","position":3,"name":"Earthy Embrace Defense Cream 50ml"}]},{"@type":"WebSite","@id":"https:\/\/pippalacare.com\/#website","url":"https:\/\/pippalacare.com\/","name":"PippalaCare","description":"Reinvented Self-Care Ritual, Enlightened Ancestral Wisdom","publisher":{"@id":"https:\/\/pippalacare.com\/#organization"},"potentialAction":[{"@type":"SearchAction","target":{"@type":"EntryPoint","urlTemplate":"https:\/\/pippalacare.com\/?s={search_term_string}"},"query-input":{"@type":"PropertyValueSpecification","valueRequired":true,"valueName":"search_term_string"}}],"inLanguage":"es"},{"@type":"Organization","@id":"https:\/\/pippalacare.com\/#organization","name":"PippalaCare","url":"https:\/\/pippalacare.com\/","logo":{"@type":"ImageObject","inLanguage":"es","@id":"https:\/\/pippalacare.com\/#\/schema\/logo\/image\/","url":"http:\/\/pippalacare.com\/wp-content\/uploads\/2025\/02\/Pippala-Logo-producto-belleza.png","contentUrl":"http:\/\/pippalacare.com\/wp-content\/uploads\/2025\/02\/Pippala-Logo-producto-belleza.png","width":1600,"height":1600,"caption":"PippalaCare"},"image":{"@id":"https:\/\/pippalacare.com\/#\/schema\/logo\/image\/"}}]}},"_links":{"self":[{"href":"https:\/\/pippalacare.com\/es\/wp-json\/wp\/v2\/product\/1304","targetHints":{"allow":["GET"]}}],"collection":[{"href":"https:\/\/pippalacare.com\/es\/wp-json\/wp\/v2\/product"}],"about":[{"href":"https:\/\/pippalacare.com\/es\/wp-json\/wp\/v2\/types\/product"}],"replies":[{"embeddable":true,"href":"https:\/\/pippalacare.com\/es\/wp-json\/wp\/v2\/comments?post=1304"}],"version-history":[{"count":3,"href":"https:\/\/pippalacare.com\/es\/wp-json\/wp\/v2\/product\/1304\/revisions"}],"predecessor-version":[{"id":3405,"href":"https:\/\/pippalacare.com\/es\/wp-json\/wp\/v2\/product\/1304\/revisions\/3405"}],"wp:featuredmedia":[{"embeddable":true,"href":"https:\/\/pippalacare.com\/es\/wp-json\/wp\/v2\/media\/2166"}],"wp:attachment":[{"href":"https:\/\/pippalacare.com\/es\/wp-json\/wp\/v2\/media?parent=1304"}],"wp:term":[{"taxonomy":"product_brand","embeddable":true,"href":"https:\/\/pippalacare.com\/es\/wp-json\/wp\/v2\/product_brand?post=1304"},{"taxonomy":"product_cat","embeddable":true,"href":"https:\/\/pippalacare.com\/es\/wp-json\/wp\/v2\/product_cat?post=1304"},{"taxonomy":"product_tag","embeddable":true,"href":"https:\/\/pippalacare.com\/es\/wp-json\/wp\/v2\/product_tag?post=1304"}],"curies":[{"name":"wp","href":"https:\/\/api.w.org\/{rel}","templated":true}]}}